{"id":1126,"date":"2025-07-02T11:16:57","date_gmt":"2025-07-02T09:16:57","guid":{"rendered":"https:\/\/quirobeautique.com\/?page_id=1126"},"modified":"2025-10-06T12:37:58","modified_gmt":"2025-10-06T10:37:58","slug":"relax-beauty-pack","status":"publish","type":"page","link":"https:\/\/www.quirobeautique.com\/en\/packs\/relax-beauty-pack\/","title":{"rendered":"Relax Beauty Pack"},"content":{"rendered":"<div data-elementor-type=\"wp-page\" data-elementor-id=\"1126\" class=\"elementor elementor-1126\" data-elementor-post-type=\"page\">\n\t\t\t\t<div class=\"elementor-element elementor-element-7ffb925 espsup espinf e-flex e-con-boxed e-con e-parent\" data-id=\"7ffb925\" data-element_type=\"container\" data-e-type=\"container\" id=\"titulo-producto\">\n\t\t\t\t\t<div class=\"e-con-inner\">\n\t\t<div class=\"elementor-element elementor-element-bf73f58 e-con-full col1                                                                                                                                e-flex e-con e-child\" data-id=\"bf73f58\" data-element_type=\"container\" data-e-type=\"container\">\n\t\t\t\t<div class=\"elementor-element elementor-element-437c1e0 elementor-widget elementor-widget-image\" data-id=\"437c1e0\" data-element_type=\"widget\" data-e-type=\"widget\" data-widget_type=\"image.default\">\n\t\t\t\t\t\t\t\t\t\t\t\t\t\t\t<img fetchpriority=\"high\" decoding=\"async\" width=\"1024\" height=\"1024\" src=\"https:\/\/www.quirobeautique.com\/wp-content\/uploads\/2025\/07\/WhatsApp-Image-2025-06-27-at-19.35.44.jpeg\" class=\"attachment-large size-large wp-image-1067\" alt=\"\" srcset=\"https:\/\/www.quirobeautique.com\/wp-content\/uploads\/2025\/07\/WhatsApp-Image-2025-06-27-at-19.35.44.jpeg 1024w, https:\/\/www.quirobeautique.com\/wp-content\/uploads\/2025\/07\/WhatsApp-Image-2025-06-27-at-19.35.44-300x300.jpeg 300w, https:\/\/www.quirobeautique.com\/wp-content\/uploads\/2025\/07\/WhatsApp-Image-2025-06-27-at-19.35.44-150x150.jpeg 150w, https:\/\/www.quirobeautique.com\/wp-content\/uploads\/2025\/07\/WhatsApp-Image-2025-06-27-at-19.35.44-768x768.jpeg 768w, https:\/\/www.quirobeautique.com\/wp-content\/uploads\/2025\/07\/WhatsApp-Image-2025-06-27-at-19.35.44-600x600.jpeg 600w, https:\/\/www.quirobeautique.com\/wp-content\/uploads\/2025\/07\/WhatsApp-Image-2025-06-27-at-19.35.44-100x100.jpeg 100w\" sizes=\"(max-width: 1024px) 100vw, 1024px\" \/>\t\t\t\t\t\t\t\t\t\t\t\t\t\t\t<\/div>\n\t\t\t\t<\/div>\n\t\t<div class=\"elementor-element elementor-element-d1504a2 e-con-full col2 e-flex e-con e-child\" data-id=\"d1504a2\" data-element_type=\"container\" data-e-type=\"container\">\n\t\t\t\t<div class=\"elementor-element elementor-element-b0a564d elementor-widget elementor-widget-heading\" data-id=\"b0a564d\" data-element_type=\"widget\" data-e-type=\"widget\" data-widget_type=\"heading.default\">\n\t\t\t\t\t<h1 class=\"elementor-heading-title elementor-size-default\">Relax Beauty Pack<\/h1>\t\t\t\t<\/div>\n\t\t\t\t<div class=\"elementor-element elementor-element-4c25684 elementor-widget elementor-widget-text-editor\" data-id=\"4c25684\" data-element_type=\"widget\" data-e-type=\"widget\" data-widget_type=\"text-editor.default\">\n\t\t\t\t\t\t\t\t\t<p>Your moment of calm and renewal<\/p><p>Immerse yourself in a sensory journey that will transform your well-being. The Relax Beauty Pack is much more than a treatment: it is an experience designed for you to disconnect from stress, regenerate your skin and awaken your natural beauty.<\/p><p>\u00a0What does this unique experience include?<\/p><p>\u2714\ufe0f Body Exfoliation (50min)<br \/>Renewal ritual for your skin and your wellbeing. This treatment gently removes dead skin cells, leaving your skin soft, luminous and revitalised.<\/p><p>\u2714\ufe0f Relaxing massage (50min)<\/p><p>To release stress, relieve muscle tension and balance body and mind. Through gentle, enveloping movements, it promotes circulation, calms the nervous system and provides a deep sense of wellbeing and rest. Ideal for disconnecting and recovering inner harmony.<\/p><p>\u2714\ufe0f Facial treatment (50 min)<br \/>Restore the vitality of your face in a highly relaxing experience combining gentle techniques and specific products to soothe and restore your skin.<\/p>\t\t\t\t\t\t\t\t<\/div>\n\t\t\t\t<div class=\"elementor-element elementor-element-187277c precio elementor-widget elementor-widget-heading\" data-id=\"187277c\" data-element_type=\"widget\" data-e-type=\"widget\" data-widget_type=\"heading.default\">\n\t\t\t\t\t<span class=\"elementor-heading-title elementor-size-default\">150min \/ 145\u20ac.<\/span>\t\t\t\t<\/div>\n\t\t\t\t<div class=\"elementor-element elementor-element-f130873 elementor-align-center boton elementor-widget elementor-widget-button\" data-id=\"f130873\" data-element_type=\"widget\" data-e-type=\"widget\" data-widget_type=\"button.default\">\n\t\t\t\t\t\t\t\t\t\t<a class=\"elementor-button elementor-button-link elementor-size-sm\" href=\"https:\/\/reservas.koibox.cloud\/quirobeautique?servicios=412274\" target=\"_blank\" rel=\"noopener\">\n\t\t\t\t\t\t<span class=\"elementor-button-content-wrapper\">\n\t\t\t\t\t\t<span class=\"elementor-button-icon\">\n\t\t\t\t<svg aria-hidden=\"true\" class=\"e-font-icon-svg e-fas-arrow-right\" viewbox=\"0 0 448 512\" xmlns=\"http:\/\/www.w3.org\/2000\/svg\"><path d=\"M190.5 66.9l22.2-22.2c9.4-9.4 24.6-9.4 33.9 0L441 239c9.4 9.4 9.4 24.6 0 33.9L246.6 467.3c-9.4 9.4-24.6 9.4-33.9 0l-22.2-22.2c-9.5-9.5-9.3-25 .4-34.3L311.4 296H24c-13.3 0-24-10.7-24-24v-32c0-13.3 10.7-24 24-24h287.4L190.9 101.2c-9.8-9.3-10-24.8-.4-34.3z\"><\/path><\/svg>\t\t\t<\/span>\n\t\t\t\t\t\t\t\t\t<span class=\"elementor-button-text\">Book<\/span>\n\t\t\t\t\t<\/span>\n\t\t\t\t\t<\/a>\n\t\t\t\t\t\t\t\t<\/div>\n\t\t\t\t<\/div>\n\t\t\t\t\t<\/div>\n\t\t\t\t<\/div>\n\t\t\t\t<\/div>","protected":false},"excerpt":{"rendered":"<p>Relax Beauty Pack Tu momento de calma y renovaci\u00f3n Sum\u00e9rgete en un viaje sensorial que transformar\u00e1 tu bienestar. El Relax [&hellip;]<\/p>","protected":false},"author":1,"featured_media":0,"parent":1062,"menu_order":0,"comment_status":"closed","ping_status":"closed","template":"elementor_header_footer","meta":{"site-sidebar-layout":"no-sidebar","site-content-layout":"","ast-site-content-layout":"full-width-container","site-content-style":"default","site-sidebar-style":"default","ast-global-header-display":"","ast-banner-title-visibility":"","ast-main-header-display":"","ast-hfb-above-header-display":"","ast-hfb-below-header-display":"","ast-hfb-mobile-header-display":"","site-post-title":"disabled","ast-breadcrumbs-content":"","ast-featured-img":"disabled","footer-sml-layout":"","ast-disable-related-posts":"","theme-transparent-header-meta":"default","adv-header-id-meta":"","stick-header-meta":"default","header-above-stick-meta":"","header-main-stick-meta":"","header-below-stick-meta":"","astra-migrate-meta-layouts":"set","ast-page-background-enabled":"default","ast-page-background-meta":{"desktop":{"background-color":"var(--ast-global-color-4)","background-image":"","background-repeat":"repeat","background-position":"center center","background-size":"auto","background-attachment":"scroll","background-type":"","background-media":"","overlay-type":"","overlay-color":"","overlay-opacity":"","overlay-gradient":""},"tablet":{"background-color":"","background-image":"","background-repeat":"repeat","background-position":"center center","background-size":"auto","background-attachment":"scroll","background-type":"","background-media":"","overlay-type":"","overlay-color":"","overlay-opacity":"","overlay-gradient":""},"mobile":{"background-color":"","background-image":"","background-repeat":"repeat","background-position":"center center","background-size":"auto","background-attachment":"scroll","background-type":"","background-media":"","overlay-type":"","overlay-color":"","overlay-opacity":"","overlay-gradient":""}},"ast-content-background-meta":{"desktop":{"background-color":"var(--ast-global-color-5)","background-image":"","background-repeat":"repeat","background-position":"center center","background-size":"auto","background-attachment":"scroll","background-type":"","background-media":"","overlay-type":"","overlay-color":"","overlay-opacity":"","overlay-gradient":""},"tablet":{"background-color":"var(--ast-global-color-5)","background-image":"","background-repeat":"repeat","background-position":"center center","background-size":"auto","background-attachment":"scroll","background-type":"","background-media":"","overlay-type":"","overlay-color":"","overlay-opacity":"","overlay-gradient":""},"mobile":{"background-color":"var(--ast-global-color-5)","background-image":"","background-repeat":"repeat","background-position":"center center","background-size":"auto","background-attachment":"scroll","background-type":"","background-media":"","overlay-type":"","overlay-color":"","overlay-opacity":"","overlay-gradient":""}},"_joinchat":[],"footnotes":""},"class_list":["post-1126","page","type-page","status-publish","hentry"],"_links":{"self":[{"href":"https:\/\/www.quirobeautique.com\/en\/wp-json\/wp\/v2\/pages\/1126","targetHints":{"allow":["GET"]}}],"collection":[{"href":"https:\/\/www.quirobeautique.com\/en\/wp-json\/wp\/v2\/pages"}],"about":[{"href":"https:\/\/www.quirobeautique.com\/en\/wp-json\/wp\/v2\/types\/page"}],"author":[{"embeddable":true,"href":"https:\/\/www.quirobeautique.com\/en\/wp-json\/wp\/v2\/users\/1"}],"replies":[{"embeddable":true,"href":"https:\/\/www.quirobeautique.com\/en\/wp-json\/wp\/v2\/comments?post=1126"}],"version-history":[{"count":26,"href":"https:\/\/www.quirobeautique.com\/en\/wp-json\/wp\/v2\/pages\/1126\/revisions"}],"predecessor-version":[{"id":1783,"href":"https:\/\/www.quirobeautique.com\/en\/wp-json\/wp\/v2\/pages\/1126\/revisions\/1783"}],"up":[{"embeddable":true,"href":"https:\/\/www.quirobeautique.com\/en\/wp-json\/wp\/v2\/pages\/1062"}],"wp:attachment":[{"href":"https:\/\/www.quirobeautique.com\/en\/wp-json\/wp\/v2\/media?parent=1126"}],"curies":[{"name":"wp","href":"https:\/\/api.w.org\/{rel}","templated":true}]}}